{"id":88,"date":"2024-01-31T23:03:36","date_gmt":"2024-01-31T22:03:36","guid":{"rendered":"https:\/\/etiopathe-ermont95-magnylehongre77.com\/?page_id=88"},"modified":"2024-02-04T19:30:01","modified_gmt":"2024-02-04T18:30:01","slug":"letiopathie","status":"publish","type":"page","link":"https:\/\/etiopathe-ermont95-magnylehongre77.com\/index.php\/letiopathie\/","title":{"rendered":"L&#8217;\u00c9tiopathie"},"content":{"rendered":"\t\t<div data-elementor-type=\"wp-page\" data-elementor-id=\"88\" class=\"elementor elementor-88\" data-elementor-post-type=\"page\">\n\t\t\t\t<div class=\"elementor-element elementor-element-a6674bd e-flex e-con-boxed e-con e-parent\" data-id=\"a6674bd\" data-element_type=\"container\">\n\t\t\t\t\t<div class=\"e-con-inner\">\n\t\t<div class=\"elementor-element elementor-element-3715414 e-flex e-con-boxed e-con e-child\" data-id=\"3715414\" data-element_type=\"container\" data-settings=\"{&quot;background_background&quot;:&quot;classic&quot;}\">\n\t\t\t\t\t<div class=\"e-con-inner\">\n\t\t\t\t<div class=\"elementor-element elementor-element-e1f9e0e elementor-widget elementor-widget-heading\" data-id=\"e1f9e0e\" data-element_type=\"widget\" data-widget_type=\"heading.default\">\n\t\t\t\t<div class=\"elementor-widget-container\">\n\t\t\t\t\t<h1 class=\"elementor-heading-title elementor-size-default\">QU\u2019EST CE QUE L\u2019\u00c9TIOPATHIE<\/h1>\t\t\t\t<\/div>\n\t\t\t\t<\/div>\n\t\t\t\t<div class=\"elementor-element elementor-element-5339f30 elementor-widget elementor-widget-text-editor\" data-id=\"5339f30\" data-element_type=\"widget\" data-widget_type=\"text-editor.default\">\n\t\t\t\t<div class=\"elementor-widget-container\">\n\t\t\t\t\t\t\t\t\t<p><span style=\"white-space-collapse: preserve;\">L&#8217;\u00c9tiopathie est une th\u00e9rapie manuelle qui vise \u00e0 soigner sans m\u00e9dicaments, elle est adapt\u00e9e en fonction de chaque patient. L\u2019\u00e9tiopathe suit cette m\u00e9thode de soin afin de rechercher et d\u00e9terminer la cause m\u00e9canique responsable de la souffrance du patient. Apr\u00e8s analyse des sympt\u00f4mes, l&#8217;\u00e9tiopathe, par gestes manuels th\u00e9rapeutiques, r\u00e9duit la cause et supprime ses effets. <\/span><\/p><p>Il agit seulement avec ses mains et redonnent de la mobilit\u00e9 aux articulations (vert\u00e9brales\/p\u00e9riph\u00e9riques) et aux visc\u00e8res (digestifs\/gyn\u00e9cologiques) pour retrouver un fonctionnement optimal du syst\u00e8me concern\u00e9.<\/p><p>Au cours de ses 6 ann\u00e9es d&#8217;\u00e9tudes, l&#8217;\u00e9tiopathe acquiert des connaissances solides et approfondies en physiologie, en anatomie humaine et sur l&#8217;ensemble des pathologies, ce qui lui permet de conna\u00eetre ses limites d\u2019intervention et ainsi r\u00e9orienter le patient vers un autre professionnel de sant\u00e9 adapt\u00e9 \u00e0 ses besoins.<\/p>\t\t\t\t\t\t\t\t<\/div>\n\t\t\t\t<\/div>\n\t\t\t\t\t<\/div>\n\t\t\t\t<\/div>\n\t\t\t\t\t<\/div>\n\t\t\t\t<\/div>\n\t\t<div class=\"elementor-element elementor-element-4e00411 e-flex e-con-boxed e-con e-parent\" data-id=\"4e00411\" data-element_type=\"container\">\n\t\t\t\t\t<div class=\"e-con-inner\">\n\t\t\t\t<div class=\"elementor-element elementor-element-c63dc83 elementor-widget elementor-widget-heading\" data-id=\"c63dc83\" data-element_type=\"widget\" data-widget_type=\"heading.default\">\n\t\t\t\t<div class=\"elementor-widget-container\">\n\t\t\t\t\t<h2 class=\"elementor-heading-title elementor-size-default\">L'\u00c9TIOPATHIE POUR QUI ?<\/h2>\t\t\t\t<\/div>\n\t\t\t\t<\/div>\n\t\t\t\t\t<\/div>\n\t\t\t\t<\/div>\n\t\t<div class=\"elementor-element elementor-element-716daab e-flex e-con-boxed e-con e-parent\" data-id=\"716daab\" data-element_type=\"container\">\n\t\t\t\t\t<div class=\"e-con-inner\">\n\t\t<div class=\"elementor-element elementor-element-583d0d8 e-flex e-con-boxed e-con e-child\" data-id=\"583d0d8\" data-element_type=\"container\" data-settings=\"{&quot;background_background&quot;:&quot;classic&quot;}\">\n\t\t\t\t\t<div class=\"e-con-inner\">\n\t\t\t\t<div class=\"elementor-element elementor-element-61166c9 elementor-widget elementor-widget-text-editor\" data-id=\"61166c9\" data-element_type=\"widget\" data-widget_type=\"text-editor.default\">\n\t\t\t\t<div class=\"elementor-widget-container\">\n\t\t\t\t\t\t\t\t\t<p>Du nourrisson \u00e0 la personne \u00e2g\u00e9e, en passant par la femme enceinte et le sportif,\u00a0<span style=\"font-style: inherit; font-weight: inherit; color: var( --e-global-color-text ); background-color: var( --e-global-color-primary );\">l\u2019\u00c9tiopathie est une th\u00e9rapie manuelle qui est adapt\u00e9e \u00e0 tous.\u00a0<\/span><span style=\"font-style: inherit; font-weight: inherit; color: var( --e-global-color-text ); background-color: var( --e-global-color-primary );\">Il n\u2019y a pas de limite d\u2019\u00e2ge, tout le monde peut consulter un \u00e9tiopathe.<\/span><\/p>\t\t\t\t\t\t\t\t<\/div>\n\t\t\t\t<\/div>\n\t\t\t\t\t<\/div>\n\t\t\t\t<\/div>\n\t\t\t\t\t<\/div>\n\t\t\t\t<\/div>\n\t\t<div class=\"elementor-element elementor-element-583d23b e-flex e-con-boxed e-con e-parent\" data-id=\"583d23b\" data-element_type=\"container\">\n\t\t\t\t\t<div class=\"e-con-inner\">\n\t\t\t\t<div class=\"elementor-element elementor-element-24dc6d3 elementor-widget elementor-widget-heading\" data-id=\"24dc6d3\" data-element_type=\"widget\" data-widget_type=\"heading.default\">\n\t\t\t\t<div class=\"elementor-widget-container\">\n\t\t\t\t\t<h2 class=\"elementor-heading-title elementor-size-default\">L'\u00c9TIOPATHIE POUR QUOI ?<\/h2>\t\t\t\t<\/div>\n\t\t\t\t<\/div>\n\t\t\t\t\t<\/div>\n\t\t\t\t<\/div>\n\t\t<div class=\"elementor-element elementor-element-e6963fb e-flex e-con-boxed e-con e-parent\" data-id=\"e6963fb\" data-element_type=\"container\" data-settings=\"{&quot;background_background&quot;:&quot;classic&quot;}\">\n\t\t\t\t\t<div class=\"e-con-inner\">\n\t\t<div class=\"elementor-element elementor-element-b503cc9 e-con-full e-flex e-con e-child\" data-id=\"b503cc9\" data-element_type=\"container\">\n\t\t<div class=\"elementor-element elementor-element-24e992e e-con-full e-flex e-con e-child\" data-id=\"24e992e\" data-element_type=\"container\" data-settings=\"{&quot;background_background&quot;:&quot;classic&quot;}\">\n\t\t\t\t<div class=\"elementor-element elementor-element-18a85d1 elementor-widget elementor-widget-heading\" data-id=\"18a85d1\" data-element_type=\"widget\" data-widget_type=\"heading.default\">\n\t\t\t\t<div class=\"elementor-widget-container\">\n\t\t\t\t\t<h3 class=\"elementor-heading-title elementor-size-default\">TROUBLES D'ORIGINE VERT\u00c9BRALE<\/h3>\t\t\t\t<\/div>\n\t\t\t\t<\/div>\n\t\t\t\t<div class=\"elementor-element elementor-element-8a6b2f6 elementor-widget elementor-widget-text-editor\" data-id=\"8a6b2f6\" data-element_type=\"widget\" data-widget_type=\"text-editor.default\">\n\t\t\t\t<div class=\"elementor-widget-container\">\n\t\t\t\t\t\t\t\t\t<p><span style=\"white-space-collapse: preserve;\">N\u00e9vralgies d\u2019Arnold, troubles de la macho\u00eere, n\u00e9vralgies<br \/>cervico-brachiales, torticolis, cervicalgies, dorsalgies, lombalgies chroniques\/lumbagos, douleurs intercostales, cruralgies, sciatalgies, pubalgies, zona&#8230;<\/span><\/p>\t\t\t\t\t\t\t\t<\/div>\n\t\t\t\t<\/div>\n\t\t\t\t<\/div>\n\t\t\t\t<\/div>\n\t\t<div class=\"elementor-element elementor-element-d3a8248 e-con-full e-flex e-con e-child\" data-id=\"d3a8248\" data-element_type=\"container\">\n\t\t<div class=\"elementor-element elementor-element-77ac0c5 e-con-full e-flex e-con e-child\" data-id=\"77ac0c5\" data-element_type=\"container\" data-settings=\"{&quot;background_background&quot;:&quot;classic&quot;}\">\n\t\t\t\t<div class=\"elementor-element elementor-element-56f5ffe elementor-widget elementor-widget-heading\" data-id=\"56f5ffe\" data-element_type=\"widget\" data-widget_type=\"heading.default\">\n\t\t\t\t<div class=\"elementor-widget-container\">\n\t\t\t\t\t<h3 class=\"elementor-heading-title elementor-size-default\">TROUBLES DE L'APPAREIL LOCOMOTEUR<\/h3>\t\t\t\t<\/div>\n\t\t\t\t<\/div>\n\t\t\t\t<div class=\"elementor-element elementor-element-7087f2a elementor-widget elementor-widget-text-editor\" data-id=\"7087f2a\" data-element_type=\"widget\" data-widget_type=\"text-editor.default\">\n\t\t\t\t<div class=\"elementor-widget-container\">\n\t\t\t\t\t\t\t\t\t<p>Entorses, foulures, tendinites (tendon d&#8217;Achille, tennis\/golf-elbows&#8230;), bursites, canal carpien\/tarsien, douleurs articulaires (\u00e9paules, hanches, genoux&#8230;), \u00e9pines calcan\u00e9ennes, algodystrophies&#8230;<\/p>\t\t\t\t\t\t\t\t<\/div>\n\t\t\t\t<\/div>\n\t\t\t\t<\/div>\n\t\t\t\t<\/div>\n\t\t<div class=\"elementor-element elementor-element-1035ec6 e-con-full e-flex e-con e-child\" data-id=\"1035ec6\" data-element_type=\"container\">\n\t\t<div class=\"elementor-element elementor-element-7c49543 e-con-full e-flex e-con e-child\" data-id=\"7c49543\" data-element_type=\"container\" data-settings=\"{&quot;background_background&quot;:&quot;classic&quot;}\">\n\t\t\t\t<div class=\"elementor-element elementor-element-c26ab15 elementor-widget elementor-widget-heading\" data-id=\"c26ab15\" data-element_type=\"widget\" data-widget_type=\"heading.default\">\n\t\t\t\t<div class=\"elementor-widget-container\">\n\t\t\t\t\t<h3 class=\"elementor-heading-title elementor-size-default\">TROUBLES DIGESTIFS<\/h3>\t\t\t\t<\/div>\n\t\t\t\t<\/div>\n\t\t\t\t<div class=\"elementor-element elementor-element-dbe0f8c elementor-widget elementor-widget-text-editor\" data-id=\"dbe0f8c\" data-element_type=\"widget\" data-widget_type=\"text-editor.default\">\n\t\t\t\t<div class=\"elementor-widget-container\">\n\t\t\t\t\t\t\t\t\t<p>Ballonnements, a\u00e9rophagie, digestion lente, reflux <br>gastro-oesophagiens\/remont\u00e9es acides (hernies hiatales), colopathies fonctionnelles (constipation\/ diarrh\u00e9es), troubles h\u00e9patobiliaires&#8230;<\/p>\t\t\t\t\t\t\t\t<\/div>\n\t\t\t\t<\/div>\n\t\t\t\t<\/div>\n\t\t\t\t<\/div>\n\t\t<div class=\"elementor-element elementor-element-7a893ec e-con-full e-flex e-con e-child\" data-id=\"7a893ec\" data-element_type=\"container\">\n\t\t<div class=\"elementor-element elementor-element-756621a e-con-full e-flex e-con e-child\" data-id=\"756621a\" data-element_type=\"container\" data-settings=\"{&quot;background_background&quot;:&quot;classic&quot;}\">\n\t\t\t\t<div class=\"elementor-element elementor-element-9842f12 elementor-widget elementor-widget-heading\" data-id=\"9842f12\" data-element_type=\"widget\" data-widget_type=\"heading.default\">\n\t\t\t\t<div class=\"elementor-widget-container\">\n\t\t\t\t\t<h3 class=\"elementor-heading-title elementor-size-default\">TROUBLES ORL<\/h3>\t\t\t\t<\/div>\n\t\t\t\t<\/div>\n\t\t\t\t<div class=\"elementor-element elementor-element-d4816a7 elementor-widget elementor-widget-text-editor\" data-id=\"d4816a7\" data-element_type=\"widget\" data-widget_type=\"text-editor.default\">\n\t\t\t\t<div class=\"elementor-widget-container\">\n\t\t\t\t\t\t\t\t\t<p>Sinusites, rhinites, otites s\u00e9reuses,<br \/>vertiges (<span style=\"color: var( --e-global-color-text ); font-family: var( --e-global-typography-text-font-family ), Sans-serif; font-weight: var( --e-global-typography-text-font-weight ); background-color: var( --e-global-color-primary ); font-size: 1rem;\">paroxystiques\u00a0<\/span><span style=\"font-style: inherit; font-weight: inherit; color: var( --e-global-color-text ); font-family: var( --e-global-typography-text-font-family ), Sans-serif; background-color: var( --e-global-color-primary );\">b\u00e9nins&#8230;)<\/span><\/p>\t\t\t\t\t\t\t\t<\/div>\n\t\t\t\t<\/div>\n\t\t\t\t<\/div>\n\t\t\t\t<\/div>\n\t\t<div class=\"elementor-element elementor-element-87bf779 e-con-full e-flex e-con e-child\" data-id=\"87bf779\" data-element_type=\"container\">\n\t\t<div class=\"elementor-element elementor-element-00200aa e-con-full e-flex e-con e-child\" data-id=\"00200aa\" data-element_type=\"container\" data-settings=\"{&quot;background_background&quot;:&quot;classic&quot;}\">\n\t\t\t\t<div class=\"elementor-element elementor-element-89b1741 elementor-widget elementor-widget-heading\" data-id=\"89b1741\" data-element_type=\"widget\" data-widget_type=\"heading.default\">\n\t\t\t\t<div class=\"elementor-widget-container\">\n\t\t\t\t\t<h3 class=\"elementor-heading-title elementor-size-default\">TROUBLES GYNECOLOGIQUES<\/h3>\t\t\t\t<\/div>\n\t\t\t\t<\/div>\n\t\t\t\t<div class=\"elementor-element elementor-element-fd1574e elementor-widget elementor-widget-text-editor\" data-id=\"fd1574e\" data-element_type=\"widget\" data-widget_type=\"text-editor.default\">\n\t\t\t\t<div class=\"elementor-widget-container\">\n\t\t\t\t\t\t\t\t\t<p>Normalisation du cycle, r\u00e8gles douloureuses, infertilit\u00e9, troubles de la m\u00e9nopause, descente d\u2019organes&#8230;<\/p>\t\t\t\t\t\t\t\t<\/div>\n\t\t\t\t<\/div>\n\t\t\t\t<\/div>\n\t\t\t\t<\/div>\n\t\t<div class=\"elementor-element elementor-element-3e46215 e-con-full e-flex e-con e-child\" data-id=\"3e46215\" data-element_type=\"container\">\n\t\t<div class=\"elementor-element elementor-element-1f7fbe6 e-con-full e-flex e-con e-child\" data-id=\"1f7fbe6\" data-element_type=\"container\" data-settings=\"{&quot;background_background&quot;:&quot;classic&quot;}\">\n\t\t\t\t<div class=\"elementor-element elementor-element-f9a1a9b elementor-widget elementor-widget-heading\" data-id=\"f9a1a9b\" data-element_type=\"widget\" data-widget_type=\"heading.default\">\n\t\t\t\t<div class=\"elementor-widget-container\">\n\t\t\t\t\t<h3 class=\"elementor-heading-title elementor-size-default\">TROUBLES DE LA GROSSESSE <\/h3>\t\t\t\t<\/div>\n\t\t\t\t<\/div>\n\t\t\t\t<div class=\"elementor-element elementor-element-1850a3f elementor-widget elementor-widget-text-editor\" data-id=\"1850a3f\" data-element_type=\"widget\" data-widget_type=\"text-editor.default\">\n\t\t\t\t<div class=\"elementor-widget-container\">\n\t\t\t\t\t\t\t\t\t<p>Naus\u00e9es\/vomissements, douleurs lombaires\/bassin, pr\u00e9paration \u00e0 l\u2019accouchement\u2026<\/p>\t\t\t\t\t\t\t\t<\/div>\n\t\t\t\t<\/div>\n\t\t\t\t<\/div>\n\t\t\t\t<\/div>\n\t\t<div class=\"elementor-element elementor-element-612ea30 e-con-full e-flex e-con e-child\" data-id=\"612ea30\" data-element_type=\"container\">\n\t\t<div class=\"elementor-element elementor-element-7c9fa00 e-con-full e-flex e-con e-child\" data-id=\"7c9fa00\" data-element_type=\"container\" data-settings=\"{&quot;background_background&quot;:&quot;classic&quot;}\">\n\t\t\t\t<div class=\"elementor-element elementor-element-b1d48f5 elementor-widget elementor-widget-heading\" data-id=\"b1d48f5\" data-element_type=\"widget\" data-widget_type=\"heading.default\">\n\t\t\t\t<div class=\"elementor-widget-container\">\n\t\t\t\t\t<h3 class=\"elementor-heading-title elementor-size-default\">TROUBLES URINAIRES<\/h3>\t\t\t\t<\/div>\n\t\t\t\t<\/div>\n\t\t\t\t<div class=\"elementor-element elementor-element-ec04704 elementor-widget elementor-widget-text-editor\" data-id=\"ec04704\" data-element_type=\"widget\" data-widget_type=\"text-editor.default\">\n\t\t\t\t<div class=\"elementor-widget-container\">\n\t\t\t\t\t\t\t\t\t<p><span style=\"white-space-collapse: preserve;\">Cystites, troubles de la prostate, incontinences, \u00e9nur\u00e9sies&#8230;<\/span><\/p>\t\t\t\t\t\t\t\t<\/div>\n\t\t\t\t<\/div>\n\t\t\t\t<\/div>\n\t\t\t\t<\/div>\n\t\t<div class=\"elementor-element elementor-element-1c5e168 e-con-full e-flex e-con e-child\" data-id=\"1c5e168\" data-element_type=\"container\">\n\t\t<div class=\"elementor-element elementor-element-f7f4980 e-con-full e-flex e-con e-child\" data-id=\"f7f4980\" data-element_type=\"container\" data-settings=\"{&quot;background_background&quot;:&quot;classic&quot;}\">\n\t\t\t\t<div class=\"elementor-element elementor-element-964e70f elementor-widget elementor-widget-heading\" data-id=\"964e70f\" data-element_type=\"widget\" data-widget_type=\"heading.default\">\n\t\t\t\t<div class=\"elementor-widget-container\">\n\t\t\t\t\t<h3 class=\"elementor-heading-title elementor-size-default\">TROUBLES DU NOURRISSON<\/h3>\t\t\t\t<\/div>\n\t\t\t\t<\/div>\n\t\t\t\t<div class=\"elementor-element elementor-element-58a4187 elementor-widget elementor-widget-text-editor\" data-id=\"58a4187\" data-element_type=\"widget\" data-widget_type=\"text-editor.default\">\n\t\t\t\t<div class=\"elementor-widget-container\">\n\t\t\t\t\t\t\t\t\t<p>Torticolis, r\u00e9gurgitations, coliques, diarrh\u00e9es\/constipations, mobilisation des sutures\u00a0<span style=\"font-style: inherit; font-weight: inherit; color: var( --e-global-color-text ); font-family: var( --e-global-typography-text-font-family ), Sans-serif; background-color: var( --e-global-color-primary );\">cr\u00e2niennes\u2026<\/span><\/p>\t\t\t\t\t\t\t\t<\/div>\n\t\t\t\t<\/div>\n\t\t\t\t<\/div>\n\t\t\t\t<\/div>\n\t\t<div class=\"elementor-element elementor-element-1747fdb e-con-full e-flex e-con e-child\" data-id=\"1747fdb\" data-element_type=\"container\">\n\t\t<div class=\"elementor-element elementor-element-3746c2f e-con-full e-flex e-con e-child\" data-id=\"3746c2f\" data-element_type=\"container\" data-settings=\"{&quot;background_background&quot;:&quot;classic&quot;}\">\n\t\t\t\t<div class=\"elementor-element elementor-element-0c8e965 elementor-widget elementor-widget-heading\" data-id=\"0c8e965\" data-element_type=\"widget\" data-widget_type=\"heading.default\">\n\t\t\t\t<div class=\"elementor-widget-container\">\n\t\t\t\t\t<h3 class=\"elementor-heading-title elementor-size-default\">TROUBLES CIRCULATOIRES<\/h3>\t\t\t\t<\/div>\n\t\t\t\t<\/div>\n\t\t\t\t<div class=\"elementor-element elementor-element-fa94b18 elementor-widget elementor-widget-text-editor\" data-id=\"fa94b18\" data-element_type=\"widget\" data-widget_type=\"text-editor.default\">\n\t\t\t\t<div class=\"elementor-widget-container\">\n\t\t\t\t\t\t\t\t\t<p>H\u00e9morro\u00efdes, jambes lourdes, maladie de Raynaud&#8230;<\/p>\t\t\t\t\t\t\t\t<\/div>\n\t\t\t\t<\/div>\n\t\t<div class=\"elementor-element elementor-element-724df10 e-con-full e-flex e-con e-child\" data-id=\"724df10\" data-element_type=\"container\" data-settings=\"{&quot;background_background&quot;:&quot;classic&quot;}\">\n\t\t\t\t<div class=\"elementor-element elementor-element-3311d17 elementor-widget elementor-widget-heading\" data-id=\"3311d17\" data-element_type=\"widget\" data-widget_type=\"heading.default\">\n\t\t\t\t<div class=\"elementor-widget-container\">\n\t\t\t\t\t<h3 class=\"elementor-heading-title elementor-size-default\">AUTRES<\/h3>\t\t\t\t<\/div>\n\t\t\t\t<\/div>\n\t\t\t\t<div class=\"elementor-element elementor-element-b10f75e elementor-widget elementor-widget-text-editor\" data-id=\"b10f75e\" data-element_type=\"widget\" data-widget_type=\"text-editor.default\">\n\t\t\t\t<div class=\"elementor-widget-container\">\n\t\t\t\t\t\t\t\t\t<p>C\u00e9phal\u00e9es, migraines,<br \/>insomnies, anxi\u00e9t\u00e9, palpitations&#8230;<\/p>\t\t\t\t\t\t\t\t<\/div>\n\t\t\t\t<\/div>\n\t\t\t\t<\/div>\n\t\t\t\t<\/div>\n\t\t\t\t<\/div>\n\t\t\t\t\t<\/div>\n\t\t\t\t<\/div>\n\t\t<div class=\"elementor-element elementor-element-de25776 e-flex e-con-boxed e-con e-child\" data-id=\"de25776\" data-element_type=\"container\">\n\t\t\t\t\t<div class=\"e-con-inner\">\n\t\t<div class=\"elementor-element elementor-element-85c2e70 e-flex e-con-boxed e-con e-child\" data-id=\"85c2e70\" data-element_type=\"container\" data-settings=\"{&quot;background_background&quot;:&quot;classic&quot;}\">\n\t\t\t\t\t<div class=\"e-con-inner\">\n\t\t\t\t<div class=\"elementor-element elementor-element-2fe36ae elementor-widget elementor-widget-google_maps\" data-id=\"2fe36ae\" data-element_type=\"widget\" data-widget_type=\"google_maps.default\">\n\t\t\t\t<div class=\"elementor-widget-container\">\n\t\t\t\t\t\t\t<div class=\"elementor-custom-embed\">\n\t\t\t<iframe loading=\"lazy\"\n\t\t\t\t\tsrc=\"https:\/\/maps.google.com\/maps?q=146%20rue%20du%20g%C3%A9n%C3%A9ral%20Leclerc%2095120%20ERMONT&#038;t=m&#038;z=10&#038;output=embed&#038;iwloc=near\"\n\t\t\t\t\ttitle=\"146 rue du g\u00e9n\u00e9ral Leclerc 95120 ERMONT\"\n\t\t\t\t\taria-label=\"146 rue du g\u00e9n\u00e9ral Leclerc 95120 ERMONT\"\n\t\t\t><\/iframe>\n\t\t<\/div>\n\t\t\t\t\t\t<\/div>\n\t\t\t\t<\/div>\n\t\t\t\t\t<\/div>\n\t\t\t\t<\/div>\n\t\t\t\t\t<\/div>\n\t\t\t\t<\/div>\n\t\t\t\t<\/div>\n\t\t","protected":false},"excerpt":{"rendered":"<p>QU\u2019EST CE QUE L\u2019\u00c9TIOPATHIE L&#8217;\u00c9tiopathie est une th\u00e9rapie manuelle qui vise \u00e0 soigner sans m\u00e9dicaments, elle est adapt\u00e9e en fonction [&hellip;]<\/p>\n","protected":false},"author":1,"featured_media":0,"parent":0,"menu_order":0,"comment_status":"closed","ping_status":"closed","template":"","meta":{"om_disable_all_campaigns":false,"_monsterinsights_skip_tracking":false,"_monsterinsights_sitenote_active":false,"_monsterinsights_sitenote_note":"","_monsterinsights_sitenote_category":0,"site-sidebar-layout":"no-sidebar","site-content-layout":"","ast-site-content-layout":"full-width-container","site-content-style":"default","site-sidebar-style":"default","ast-global-header-display":"","ast-banner-title-visibility":"","ast-main-header-display":"","ast-hfb-above-header-display":"","ast-hfb-below-header-display":"","ast-hfb-mobile-header-display":"","site-post-title":"disabled","ast-breadcrumbs-content":"","ast-featured-img":"disabled","footer-sml-layout":"","theme-transparent-header-meta":"","adv-header-id-meta":"","stick-header-meta":"","header-above-stick-meta":"","header-main-stick-meta":"","header-below-stick-meta":"","astra-migrate-meta-layouts":"default","ast-page-background-enabled":"default","ast-page-background-meta":{"desktop":{"background-color":"var(--ast-global-color-4)","background-image":"","background-repeat":"repeat","background-position":"center center","background-size":"auto","background-attachment":"scroll","background-type":"","background-media":"","overlay-type":"","overlay-color":"","overlay-opacity":"","overlay-gradient":""},"tablet":{"background-color":"","background-image":"","background-repeat":"repeat","background-position":"center center","background-size":"auto","background-attachment":"scroll","background-type":"","background-media":"","overlay-type":"","overlay-color":"","overlay-opacity":"","overlay-gradient":""},"mobile":{"background-color":"","background-image":"","background-repeat":"repeat","background-position":"center center","background-size":"auto","background-attachment":"scroll","background-type":"","background-media":"","overlay-type":"","overlay-color":"","overlay-opacity":"","overlay-gradient":""}},"ast-content-background-meta":{"desktop":{"background-color":"var(--ast-global-color-5)","background-image":"","background-repeat":"repeat","background-position":"center center","background-size":"auto","background-attachment":"scroll","background-type":"","background-media":"","overlay-type":"","overlay-color":"","overlay-opacity":"","overlay-gradient":""},"tablet":{"background-color":"var(--ast-global-color-5)","background-image":"","background-repeat":"repeat","background-position":"center center","background-size":"auto","background-attachment":"scroll","background-type":"","background-media":"","overlay-type":"","overlay-color":"","overlay-opacity":"","overlay-gradient":""},"mobile":{"background-color":"var(--ast-global-color-5)","background-image":"","background-repeat":"repeat","background-position":"center center","background-size":"auto","background-attachment":"scroll","background-type":"","background-media":"","overlay-type":"","overlay-color":"","overlay-opacity":"","overlay-gradient":""}},"footnotes":""},"class_list":["post-88","page","type-page","status-publish","hentry"],"aioseo_notices":[],"_links":{"self":[{"href":"https:\/\/etiopathe-ermont95-magnylehongre77.com\/index.php\/wp-json\/wp\/v2\/pages\/88","targetHints":{"allow":["GET"]}}],"collection":[{"href":"https:\/\/etiopathe-ermont95-magnylehongre77.com\/index.php\/wp-json\/wp\/v2\/pages"}],"about":[{"href":"https:\/\/etiopathe-ermont95-magnylehongre77.com\/index.php\/wp-json\/wp\/v2\/types\/page"}],"author":[{"embeddable":true,"href":"https:\/\/etiopathe-ermont95-magnylehongre77.com\/index.php\/wp-json\/wp\/v2\/users\/1"}],"replies":[{"embeddable":true,"href":"https:\/\/etiopathe-ermont95-magnylehongre77.com\/index.php\/wp-json\/wp\/v2\/comments?post=88"}],"version-history":[{"count":43,"href":"https:\/\/etiopathe-ermont95-magnylehongre77.com\/index.php\/wp-json\/wp\/v2\/pages\/88\/revisions"}],"predecessor-version":[{"id":259,"href":"https:\/\/etiopathe-ermont95-magnylehongre77.com\/index.php\/wp-json\/wp\/v2\/pages\/88\/revisions\/259"}],"wp:attachment":[{"href":"https:\/\/etiopathe-ermont95-magnylehongre77.com\/index.php\/wp-json\/wp\/v2\/media?parent=88"}],"curies":[{"name":"wp","href":"https:\/\/api.w.org\/{rel}","templated":true}]}}