{"id":9,"date":"2024-01-31T22:25:03","date_gmt":"2024-01-31T21:25:03","guid":{"rendered":"https:\/\/etiopathe-ermont95-magnylehongre77.com\/?page_id=9"},"modified":"2025-02-26T12:48:27","modified_gmt":"2025-02-26T11:48:27","slug":"accueil","status":"publish","type":"page","link":"https:\/\/etiopathe-ermont95-magnylehongre77.com\/","title":{"rendered":"Accueil"},"content":{"rendered":"\t\t<div data-elementor-type=\"wp-page\" data-elementor-id=\"9\" class=\"elementor elementor-9\" data-elementor-post-type=\"page\">\n\t\t\t\t<div class=\"elementor-element elementor-element-9e39cbd e-flex e-con-boxed e-con e-parent\" data-id=\"9e39cbd\" data-element_type=\"container\" data-e-type=\"container\">\n\t\t\t\t\t<div class=\"e-con-inner\">\n\t\t<div class=\"elementor-element elementor-element-97f4f0c e-con-full e-flex e-con e-child\" data-id=\"97f4f0c\" data-element_type=\"container\" data-e-type=\"container\" data-settings=\"{&quot;position&quot;:&quot;absolute&quot;}\">\n\t\t\t\t<div class=\"elementor-element elementor-element-193e7e2 elementor-widget elementor-widget-image\" data-id=\"193e7e2\" data-element_type=\"widget\" data-e-type=\"widget\" data-widget_type=\"image.default\">\n\t\t\t\t<div class=\"elementor-widget-container\">\n\t\t\t\t\t\t\t\t\t\t\t\t\t\t\t<img fetchpriority=\"high\" decoding=\"async\" width=\"420\" height=\"591\" src=\"https:\/\/etiopathe-ermont95-magnylehongre77.com\/wp-content\/uploads\/2024\/01\/image-1.png\" class=\"attachment-large size-large wp-image-20\" alt=\"\" srcset=\"https:\/\/etiopathe-ermont95-magnylehongre77.com\/wp-content\/uploads\/2024\/01\/image-1.png 420w, https:\/\/etiopathe-ermont95-magnylehongre77.com\/wp-content\/uploads\/2024\/01\/image-1-213x300.png 213w\" sizes=\"(max-width: 420px) 100vw, 420px\" \/>\t\t\t\t\t\t\t\t\t\t\t\t\t\t\t<\/div>\n\t\t\t\t<\/div>\n\t\t\t\t<\/div>\n\t\t<div class=\"elementor-element elementor-element-0de77d0 e-flex e-con-boxed e-con e-child\" data-id=\"0de77d0\" data-element_type=\"container\" data-e-type=\"container\">\n\t\t\t\t\t<div class=\"e-con-inner\">\n\t\t\t\t<div class=\"elementor-element elementor-element-d223018 elementor-widget elementor-widget-heading\" data-id=\"d223018\" data-element_type=\"widget\" data-e-type=\"widget\" data-widget_type=\"heading.default\">\n\t\t\t\t<div class=\"elementor-widget-container\">\n\t\t\t\t\t<h1 class=\"elementor-heading-title elementor-size-default\">CABINET D'\u00c9TIOPATHIE<\/h1>\t\t\t\t<\/div>\n\t\t\t\t<\/div>\n\t\t\t\t<div class=\"elementor-element elementor-element-ede8d86 elementor-widget elementor-widget-heading\" data-id=\"ede8d86\" data-element_type=\"widget\" data-e-type=\"widget\" data-widget_type=\"heading.default\">\n\t\t\t\t<div class=\"elementor-widget-container\">\n\t\t\t\t\t<h2 class=\"elementor-heading-title elementor-size-default\">ERMONT (95) \/ MAGNY-LE-HONGRE (77)<\/h2>\t\t\t\t<\/div>\n\t\t\t\t<\/div>\n\t\t\t\t<div class=\"elementor-element elementor-element-bae0d30 elementor-widget elementor-widget-button\" data-id=\"bae0d30\" data-element_type=\"widget\" data-e-type=\"widget\" data-widget_type=\"button.default\">\n\t\t\t\t<div class=\"elementor-widget-container\">\n\t\t\t\t\t\t\t\t\t<div class=\"elementor-button-wrapper\">\n\t\t\t\t\t<a class=\"elementor-button elementor-button-link elementor-size-sm\" href=\"https:\/\/perfactive.fr\/aurelie-pinault\/location\">\n\t\t\t\t\t\t<span class=\"elementor-button-content-wrapper\">\n\t\t\t\t\t\t\t\t\t<span class=\"elementor-button-text\">Prendre RDV<\/span>\n\t\t\t\t\t<\/span>\n\t\t\t\t\t<\/a>\n\t\t\t\t<\/div>\n\t\t\t\t\t\t\t\t<\/div>\n\t\t\t\t<\/div>\n\t\t\t\t\t<\/div>\n\t\t\t\t<\/div>\n\t\t<div class=\"elementor-element elementor-element-9309558 e-flex e-con-boxed e-con e-child\" data-id=\"9309558\" data-element_type=\"container\" data-e-type=\"container\">\n\t\t\t\t\t<div class=\"e-con-inner\">\n\t\t\t\t<div class=\"elementor-element elementor-element-2b520c0 elementor-view-default elementor-widget elementor-widget-icon\" data-id=\"2b520c0\" data-element_type=\"widget\" data-e-type=\"widget\" data-widget_type=\"icon.default\">\n\t\t\t\t<div class=\"elementor-widget-container\">\n\t\t\t\t\t\t\t<div class=\"elementor-icon-wrapper\">\n\t\t\t<div class=\"elementor-icon\">\n\t\t\t<svg xmlns=\"http:\/\/www.w3.org\/2000\/svg\" width=\"40\" height=\"70\" viewBox=\"0 0 40 70\" fill=\"none\"><g clip-path=\"url(#clip0_178_4077)\"><path fill-rule=\"evenodd\" clip-rule=\"evenodd\" d=\"M21.6663 3.3335C24.2536 3.3334 26.7403 4.33611 28.6038 6.13094C30.4673 7.92577 31.5627 10.373 31.6597 12.9585L31.6663 13.3335V26.6668C31.6664 29.2541 30.6637 31.7408 28.8689 33.6043C27.0741 35.4678 24.6268 36.5631 22.0413 36.6602L21.6663 36.6668H18.333C15.7457 36.6669 13.2591 35.6642 11.3956 33.8694C9.53204 32.0746 8.4367 29.6273 8.33967 27.0418L8.33301 26.6668V13.3335C8.33291 10.7462 9.33562 8.25956 11.1305 6.39604C12.9253 4.53252 15.3725 3.43719 17.958 3.34016L18.333 3.3335H21.6663ZM19.9997 10.0002C19.5576 10.0002 19.1337 10.1758 18.8212 10.4883C18.5086 10.8009 18.333 11.2248 18.333 11.6668V18.3335C18.333 18.7755 18.5086 19.1994 18.8212 19.512C19.1337 19.8246 19.5576 20.0002 19.9997 20.0002C20.4417 20.0002 20.8656 19.8246 21.1782 19.512C21.4907 19.1994 21.6663 18.7755 21.6663 18.3335V11.6668C21.6663 11.2248 21.4907 10.8009 21.1782 10.4883C20.8656 10.1758 20.4417 10.0002 19.9997 10.0002Z\" fill=\"black\"><\/path><\/g><path d=\"M19.1243 57.875L15.8743 54.625C15.4785 54.2292 15.3902 53.7762 15.6093 53.2662C15.8277 52.7554 16.2181 52.5 16.7806 52.5H23.2181C23.7806 52.5 24.171 52.7554 24.3893 53.2662C24.6085 53.7762 24.5202 54.2292 24.1243 54.625L20.8743 57.875C20.7493 58 20.6139 58.0937 20.4681 58.1562C20.3223 58.2187 20.166 58.25 19.9993 58.25C19.8327 58.25 19.6764 58.2187 19.5306 58.1562C19.3848 58.0937 19.2493 58 19.1243 57.875Z\" fill=\"black\"><\/path><defs><clipPath id=\"clip0_178_4077\"><rect width=\"40\" height=\"40\" fill=\"white\" transform=\"translate(-0.000488281)\"><\/rect><\/clipPath><\/defs><\/svg>\t\t\t<\/div>\n\t\t<\/div>\n\t\t\t\t\t\t<\/div>\n\t\t\t\t<\/div>\n\t\t\t\t\t<\/div>\n\t\t\t\t<\/div>\n\t\t\t\t\t<\/div>\n\t\t\t\t<\/div>\n\t\t<div class=\"elementor-element elementor-element-6a59190 e-con-full e-flex e-con e-parent\" data-id=\"6a59190\" data-element_type=\"container\" data-e-type=\"container\">\n\t\t\t\t<div class=\"elementor-element elementor-element-79bcea3 elementor-widget elementor-widget-image\" data-id=\"79bcea3\" data-element_type=\"widget\" data-e-type=\"widget\" data-widget_type=\"image.default\">\n\t\t\t\t<div class=\"elementor-widget-container\">\n\t\t\t\t\t\t\t\t\t\t\t\t\t\t\t<img decoding=\"async\" width=\"1024\" height=\"110\" src=\"https:\/\/etiopathe-ermont95-magnylehongre77.com\/wp-content\/uploads\/2024\/01\/Frame-29-1024x110.png\" class=\"attachment-large size-large wp-image-57\" alt=\"Bandeau illustratif\" srcset=\"https:\/\/etiopathe-ermont95-magnylehongre77.com\/wp-content\/uploads\/2024\/01\/Frame-29-1024x110.png 1024w, https:\/\/etiopathe-ermont95-magnylehongre77.com\/wp-content\/uploads\/2024\/01\/Frame-29-300x32.png 300w, https:\/\/etiopathe-ermont95-magnylehongre77.com\/wp-content\/uploads\/2024\/01\/Frame-29-768x83.png 768w, https:\/\/etiopathe-ermont95-magnylehongre77.com\/wp-content\/uploads\/2024\/01\/Frame-29-1536x165.png 1536w, https:\/\/etiopathe-ermont95-magnylehongre77.com\/wp-content\/uploads\/2024\/01\/Frame-29-2048x220.png 2048w\" sizes=\"(max-width: 1024px) 100vw, 1024px\" \/>\t\t\t\t\t\t\t\t\t\t\t\t\t\t\t<\/div>\n\t\t\t\t<\/div>\n\t\t\t\t<\/div>\n\t\t<div class=\"elementor-element elementor-element-7badb37 e-flex e-con-boxed e-con e-parent\" data-id=\"7badb37\" data-element_type=\"container\" data-e-type=\"container\">\n\t\t\t\t\t<div class=\"e-con-inner\">\n\t\t<div class=\"elementor-element elementor-element-da08798 e-flex e-con-boxed e-con e-child\" data-id=\"da08798\" data-element_type=\"container\" data-e-type=\"container\" data-settings=\"{&quot;background_background&quot;:&quot;classic&quot;}\">\n\t\t\t\t\t<div class=\"e-con-inner\">\n\t\t\t\t<div class=\"elementor-element elementor-element-5dcae9f elementor-widget elementor-widget-heading\" data-id=\"5dcae9f\" data-element_type=\"widget\" data-e-type=\"widget\" data-widget_type=\"heading.default\">\n\t\t\t\t<div class=\"elementor-widget-container\">\n\t\t\t\t\t<h2 class=\"elementor-heading-title elementor-size-default\">QU\u2019EST CE QUE L\u2019\u00c9TIOPATHIE<\/h2>\t\t\t\t<\/div>\n\t\t\t\t<\/div>\n\t\t\t\t<div class=\"elementor-element elementor-element-35670b6 elementor-widget elementor-widget-text-editor\" data-id=\"35670b6\" data-element_type=\"widget\" data-e-type=\"widget\" data-widget_type=\"text-editor.default\">\n\t\t\t\t<div class=\"elementor-widget-container\">\n\t\t\t\t\t\t\t\t\t<p>L&#8217;\u00c9tiopathie est une th\u00e9rapie manuelle qui vise \u00e0 soigner sans m\u00e9dicaments et qui s&#8217;adapte \u00e0 chaque patient, elle est adapt\u00e9e en fonction de chaque patient. L\u2019\u00e9tiopathe suit cette m\u00e9thode de soin afin de rechercher et d\u00e9terminer la cause m\u00e9canique responsable de la souffrance du patient. Apr\u00e8s analyse des sympt\u00f4mes, l&#8217;\u00e9tiopathe, par gestes manuels th\u00e9rapeutiques, r\u00e9duit la cause et supprime ses effets.<\/p>\t\t\t\t\t\t\t\t<\/div>\n\t\t\t\t<\/div>\n\t\t\t\t\t<\/div>\n\t\t\t\t<\/div>\n\t\t<div class=\"elementor-element elementor-element-fe86ed2 e-flex e-con-boxed e-con e-child\" data-id=\"fe86ed2\" data-element_type=\"container\" data-e-type=\"container\">\n\t\t\t\t\t<div class=\"e-con-inner\">\n\t\t<div class=\"elementor-element elementor-element-94b6dcb e-flex e-con-boxed e-con e-child\" data-id=\"94b6dcb\" data-element_type=\"container\" data-e-type=\"container\" data-settings=\"{&quot;background_background&quot;:&quot;classic&quot;}\">\n\t\t\t\t\t<div class=\"e-con-inner\">\n\t\t\t\t<div class=\"elementor-element elementor-element-6585101 elementor-widget elementor-widget-heading\" data-id=\"6585101\" data-element_type=\"widget\" data-e-type=\"widget\" data-widget_type=\"heading.default\">\n\t\t\t\t<div class=\"elementor-widget-container\">\n\t\t\t\t\t<h2 class=\"elementor-heading-title elementor-size-default\">POUR QUI ?<\/h2>\t\t\t\t<\/div>\n\t\t\t\t<\/div>\n\t\t\t\t<div class=\"elementor-element elementor-element-0bb595f elementor-widget elementor-widget-text-editor\" data-id=\"0bb595f\" data-element_type=\"widget\" data-e-type=\"widget\" data-widget_type=\"text-editor.default\">\n\t\t\t\t<div class=\"elementor-widget-container\">\n\t\t\t\t\t\t\t\t\t<p><span style=\"white-space-collapse: preserve;\"><span style=\"vertical-align: inherit;\"><span style=\"vertical-align: inherit;\">De la naissance en passant par les diff\u00e9rentes \u00e9tapes de la vie, il n&#8217;y a aucune limite d&#8217;\u00e2ge pour avoir recours \u00e0 l&#8217;Etiopathie. Tout le monde peut consulter un \u00e9tiopathe.<\/span><\/span><\/span><\/p>\t\t\t\t\t\t\t\t<\/div>\n\t\t\t\t<\/div>\n\t\t\t\t\t<\/div>\n\t\t\t\t<\/div>\n\t\t<div class=\"elementor-element elementor-element-e120c91 e-flex e-con-boxed e-con e-child\" data-id=\"e120c91\" data-element_type=\"container\" data-e-type=\"container\" data-settings=\"{&quot;background_background&quot;:&quot;classic&quot;}\">\n\t\t\t\t\t<div class=\"e-con-inner\">\n\t\t\t\t<div class=\"elementor-element elementor-element-94c6ccf elementor-widget elementor-widget-heading\" data-id=\"94c6ccf\" data-element_type=\"widget\" data-e-type=\"widget\" data-widget_type=\"heading.default\">\n\t\t\t\t<div class=\"elementor-widget-container\">\n\t\t\t\t\t<h2 class=\"elementor-heading-title elementor-size-default\">POUR QUOI ?<\/h2>\t\t\t\t<\/div>\n\t\t\t\t<\/div>\n\t\t\t\t<div class=\"elementor-element elementor-element-f088f50 elementor-widget elementor-widget-text-editor\" data-id=\"f088f50\" data-element_type=\"widget\" data-e-type=\"widget\" data-widget_type=\"text-editor.default\">\n\t\t\t\t<div class=\"elementor-widget-container\">\n\t\t\t\t\t\t\t\t\t<p><span style=\"white-space-collapse: preserve;\">L&#8217;\u00c9tiopathie agit sur les maux et les g\u00e8nes incessantes que vous ressentez au quotidien et qui persistent. Notamment <b>les n\u00e9vralgies, les maux de dos, les probl\u00e8mes digestifs, les migraines, les tendinites, les sinusites&#8230;<\/b><br \/>Que ce soit les douleurs chroniques qui perdurent ou celles qui surviennent brutalement suite \u00e0 un \u201cblocage\u201d, l\u2019Etiopathie peut vous aider. <\/span><\/p>\t\t\t\t\t\t\t\t<\/div>\n\t\t\t\t<\/div>\n\t\t\t\t\t<\/div>\n\t\t\t\t<\/div>\n\t\t\t\t\t<\/div>\n\t\t\t\t<\/div>\n\t\t<div class=\"elementor-element elementor-element-c46e014 e-flex e-con-boxed e-con e-child\" data-id=\"c46e014\" data-element_type=\"container\" data-e-type=\"container\">\n\t\t\t\t\t<div class=\"e-con-inner\">\n\t\t\t\t<div class=\"elementor-element elementor-element-730e6c8 elementor-align-center elementor-widget elementor-widget-button\" data-id=\"730e6c8\" data-element_type=\"widget\" data-e-type=\"widget\" data-widget_type=\"button.default\">\n\t\t\t\t<div class=\"elementor-widget-container\">\n\t\t\t\t\t\t\t\t\t<div class=\"elementor-button-wrapper\">\n\t\t\t\t\t<a class=\"elementor-button elementor-button-link elementor-size-sm\" href=\"https:\/\/etiopathe-ermont95-magnylehongre77.com\/index.php\/letiopathie\/\">\n\t\t\t\t\t\t<span class=\"elementor-button-content-wrapper\">\n\t\t\t\t\t\t\t\t\t<span class=\"elementor-button-text\">En savoir plus<\/span>\n\t\t\t\t\t<\/span>\n\t\t\t\t\t<\/a>\n\t\t\t\t<\/div>\n\t\t\t\t\t\t\t\t<\/div>\n\t\t\t\t<\/div>\n\t\t\t\t\t<\/div>\n\t\t\t\t<\/div>\n\t\t\t\t\t<\/div>\n\t\t\t\t<\/div>\n\t\t<div class=\"elementor-element elementor-element-d95ce44 e-flex e-con-boxed e-con e-child\" data-id=\"d95ce44\" data-element_type=\"container\" data-e-type=\"container\">\n\t\t\t\t\t<div class=\"e-con-inner\">\n\t\t<div class=\"elementor-element elementor-element-c1fc36a e-flex e-con-boxed e-con e-child\" data-id=\"c1fc36a\" data-element_type=\"container\" data-e-type=\"container\" data-settings=\"{&quot;background_background&quot;:&quot;classic&quot;}\">\n\t\t\t\t\t<div class=\"e-con-inner\">\n\t\t\t\t<div class=\"elementor-element elementor-element-71fc962 elementor-widget elementor-widget-heading\" data-id=\"71fc962\" data-element_type=\"widget\" data-e-type=\"widget\" data-widget_type=\"heading.default\">\n\t\t\t\t<div class=\"elementor-widget-container\">\n\t\t\t\t\t<h2 class=\"elementor-heading-title elementor-size-default\">MUTUELLES<\/h2>\t\t\t\t<\/div>\n\t\t\t\t<\/div>\n\t\t\t\t<div class=\"elementor-element elementor-element-30aed30 elementor-widget elementor-widget-text-editor\" data-id=\"30aed30\" data-element_type=\"widget\" data-e-type=\"widget\" data-widget_type=\"text-editor.default\">\n\t\t\t\t<div class=\"elementor-widget-container\">\n\t\t\t\t\t\t\t\t\t<p><span style=\"white-space-collapse: preserve;\">Les consultations d\u2019\u00c9tiopathie peuvent \u00eatre rembours\u00e9es par certaines mutuelles.<\/span><\/p><p>V\u00e9rifiez votre \u00e9ligibilit\u00e9 :<\/p>\t\t\t\t\t\t\t\t<\/div>\n\t\t\t\t<\/div>\n\t\t\t\t<div class=\"elementor-element elementor-element-72111e6 elementor-align-center elementor-widget elementor-widget-button\" data-id=\"72111e6\" data-element_type=\"widget\" data-e-type=\"widget\" data-widget_type=\"button.default\">\n\t\t\t\t<div class=\"elementor-widget-container\">\n\t\t\t\t\t\t\t\t\t<div class=\"elementor-button-wrapper\">\n\t\t\t\t\t<a class=\"elementor-button elementor-button-link elementor-size-sm\" href=\"https:\/\/www.etiopathie.com\/etiopathie\/mutuelles-prises-charge\" target=\"_blank\">\n\t\t\t\t\t\t<span class=\"elementor-button-content-wrapper\">\n\t\t\t\t\t\t\t\t\t<span class=\"elementor-button-text\">Consultez la liste<\/span>\n\t\t\t\t\t<\/span>\n\t\t\t\t\t<\/a>\n\t\t\t\t<\/div>\n\t\t\t\t\t\t\t\t<\/div>\n\t\t\t\t<\/div>\n\t\t\t\t\t<\/div>\n\t\t\t\t<\/div>\n\t\t\t\t\t<\/div>\n\t\t\t\t<\/div>\n\t\t<div class=\"elementor-element elementor-element-9f167de e-flex e-con-boxed e-con e-child\" data-id=\"9f167de\" data-element_type=\"container\" data-e-type=\"container\">\n\t\t\t\t\t<div class=\"e-con-inner\">\n\t\t<div class=\"elementor-element elementor-element-6f22c5d e-flex e-con-boxed e-con e-child\" data-id=\"6f22c5d\" data-element_type=\"container\" data-e-type=\"container\" data-settings=\"{&quot;background_background&quot;:&quot;classic&quot;}\">\n\t\t\t\t\t<div class=\"e-con-inner\">\n\t\t\t\t<div class=\"elementor-element elementor-element-425dfb6 elementor-widget elementor-widget-heading\" data-id=\"425dfb6\" data-element_type=\"widget\" data-e-type=\"widget\" data-widget_type=\"heading.default\">\n\t\t\t\t<div class=\"elementor-widget-container\">\n\t\t\t\t\t<h2 class=\"elementor-heading-title elementor-size-default\">LE CABINET<\/h2>\t\t\t\t<\/div>\n\t\t\t\t<\/div>\n\t\t\t\t<div class=\"elementor-element elementor-element-df9fc7e elementor-widget elementor-widget-text-editor\" data-id=\"df9fc7e\" data-element_type=\"widget\" data-e-type=\"widget\" data-widget_type=\"text-editor.default\">\n\t\t\t\t<div class=\"elementor-widget-container\">\n\t\t\t\t\t\t\t\t\t<p>Horaires de Consultations :<br \/>Lundi apr\u00e8s-midi de 16h30 \u00e0 18h30<br \/>Mardi au vendredi de 10h \u00e0 18h30<br \/>Samedi matin de 9h30 \u00e0 11h30<\/p><p>Adresse :<br \/>146 Rue du G\u00e9n\u00e9ral Leclerc,\u00a0<br \/><span style=\"font-style: inherit; font-weight: inherit; color: var( --e-global-color-text ); background-color: var( --e-global-color-primary );\">95120 ERMONT<\/span><\/p>\t\t\t\t\t\t\t\t<\/div>\n\t\t\t\t<\/div>\n\t\t\t\t<div class=\"elementor-element elementor-element-60424bf elementor-align-center elementor-widget elementor-widget-button\" data-id=\"60424bf\" data-element_type=\"widget\" data-e-type=\"widget\" data-widget_type=\"button.default\">\n\t\t\t\t<div class=\"elementor-widget-container\">\n\t\t\t\t\t\t\t\t\t<div class=\"elementor-button-wrapper\">\n\t\t\t\t\t<a class=\"elementor-button elementor-button-link elementor-size-sm\" href=\"https:\/\/etiopathe-ermont95-magnylehongre77.com\/index.php\/votre-etiopathe\/\">\n\t\t\t\t\t\t<span class=\"elementor-button-content-wrapper\">\n\t\t\t\t\t\t\t\t\t<span class=\"elementor-button-text\">En savoir plus<\/span>\n\t\t\t\t\t<\/span>\n\t\t\t\t\t<\/a>\n\t\t\t\t<\/div>\n\t\t\t\t\t\t\t\t<\/div>\n\t\t\t\t<\/div>\n\t\t\t\t\t<\/div>\n\t\t\t\t<\/div>\n\t\t<div class=\"elementor-element elementor-element-db1476c e-flex e-con-boxed e-con e-child\" data-id=\"db1476c\" data-element_type=\"container\" data-e-type=\"container\" data-settings=\"{&quot;background_background&quot;:&quot;classic&quot;}\">\n\t\t\t\t\t<div class=\"e-con-inner\">\n\t\t\t\t<div class=\"elementor-element elementor-element-2a01592 elementor-widget elementor-widget-image\" data-id=\"2a01592\" data-element_type=\"widget\" data-e-type=\"widget\" data-widget_type=\"image.default\">\n\t\t\t\t<div class=\"elementor-widget-container\">\n\t\t\t\t\t\t\t\t\t\t\t\t\t\t\t<img decoding=\"async\" width=\"720\" height=\"526\" src=\"https:\/\/etiopathe-ermont95-magnylehongre77.com\/wp-content\/uploads\/2024\/01\/A4A20F59-DC36-45BD-AEC9-426DCAE98616.jpg\" class=\"attachment-large size-large wp-image-58\" alt=\"photographie du bureau\" srcset=\"https:\/\/etiopathe-ermont95-magnylehongre77.com\/wp-content\/uploads\/2024\/01\/A4A20F59-DC36-45BD-AEC9-426DCAE98616.jpg 720w, https:\/\/etiopathe-ermont95-magnylehongre77.com\/wp-content\/uploads\/2024\/01\/A4A20F59-DC36-45BD-AEC9-426DCAE98616-300x219.jpg 300w\" sizes=\"(max-width: 720px) 100vw, 720px\" \/>\t\t\t\t\t\t\t\t\t\t\t\t\t\t\t<\/div>\n\t\t\t\t<\/div>\n\t\t\t\t\t<\/div>\n\t\t\t\t<\/div>\n\t\t\t\t\t<\/div>\n\t\t\t\t<\/div>\n\t\t<div class=\"elementor-element elementor-element-6155e58 e-flex e-con-boxed e-con e-parent\" data-id=\"6155e58\" data-element_type=\"container\" data-e-type=\"container\">\n\t\t\t\t\t<div class=\"e-con-inner\">\n\t\t<div class=\"elementor-element elementor-element-8442462 e-flex e-con-boxed e-con e-child\" data-id=\"8442462\" data-element_type=\"container\" data-e-type=\"container\" data-settings=\"{&quot;background_background&quot;:&quot;classic&quot;}\">\n\t\t\t\t\t<div class=\"e-con-inner\">\n\t\t\t\t<div class=\"elementor-element elementor-element-649e950 elementor-widget elementor-widget-google_maps\" data-id=\"649e950\" data-element_type=\"widget\" data-e-type=\"widget\" data-widget_type=\"google_maps.default\">\n\t\t\t\t<div class=\"elementor-widget-container\">\n\t\t\t\t\t\t\t<div class=\"elementor-custom-embed\">\n\t\t\t<iframe loading=\"lazy\"\n\t\t\t\t\tsrc=\"https:\/\/maps.google.com\/maps?q=146%20rue%20du%20g%C3%A9n%C3%A9ral%20Leclerc%2095120%20ERMONT&#038;t=m&#038;z=10&#038;output=embed&#038;iwloc=near\"\n\t\t\t\t\ttitle=\"146 rue du g\u00e9n\u00e9ral Leclerc 95120 ERMONT\"\n\t\t\t\t\taria-label=\"146 rue du g\u00e9n\u00e9ral Leclerc 95120 ERMONT\"\n\t\t\t><\/iframe>\n\t\t<\/div>\n\t\t\t\t\t\t<\/div>\n\t\t\t\t<\/div>\n\t\t\t\t\t<\/div>\n\t\t\t\t<\/div>\n\t\t\t\t\t<\/div>\n\t\t\t\t<\/div>\n\t\t\t\t<\/div>\n\t\t","protected":false},"excerpt":{"rendered":"<p>CABINET D&#8217;\u00c9TIOPATHIE ERMONT (95) \/ MAGNY-LE-HONGRE (77) Prendre RDV QU\u2019EST CE QUE L\u2019\u00c9TIOPATHIE L&#8217;\u00c9tiopathie est une th\u00e9rapie manuelle qui vise [&hellip;]<\/p>\n","protected":false},"author":1,"featured_media":0,"parent":0,"menu_order":0,"comment_status":"closed","ping_status":"closed","template":"elementor_canvas","meta":{"om_disable_all_campaigns":false,"_monsterinsights_skip_tracking":false,"_monsterinsights_sitenote_active":false,"_monsterinsights_sitenote_note":"","_monsterinsights_sitenote_category":0,"site-sidebar-layout":"no-sidebar","site-content-layout":"","ast-site-content-layout":"full-width-container","site-content-style":"default","site-sidebar-style":"default","ast-global-header-display":"","ast-banner-title-visibility":"","ast-main-header-display":"","ast-hfb-above-header-display":"","ast-hfb-below-header-display":"","ast-hfb-mobile-header-display":"","site-post-title":"disabled","ast-breadcrumbs-content":"","ast-featured-img":"disabled","footer-sml-layout":"","ast-disable-related-posts":"","theme-transparent-header-meta":"","adv-header-id-meta":"","stick-header-meta":"","header-above-stick-meta":"","header-main-stick-meta":"","header-below-stick-meta":"","astra-migrate-meta-layouts":"default","ast-page-background-enabled":"default","ast-page-background-meta":{"desktop":{"background-color":"var(--ast-global-color-4)","background-image":"","background-repeat":"repeat","background-position":"center center","background-size":"auto","background-attachment":"scroll","background-type":"","background-media":"","overlay-type":"","overlay-color":"","overlay-opacity":"","overlay-gradient":""},"tablet":{"background-color":"","background-image":"","background-repeat":"repeat","background-position":"center center","background-size":"auto","background-attachment":"scroll","background-type":"","background-media":"","overlay-type":"","overlay-color":"","overlay-opacity":"","overlay-gradient":""},"mobile":{"background-color":"","background-image":"","background-repeat":"repeat","background-position":"center center","background-size":"auto","background-attachment":"scroll","background-type":"","background-media":"","overlay-type":"","overlay-color":"","overlay-opacity":"","overlay-gradient":""}},"ast-content-background-meta":{"desktop":{"background-color":"var(--ast-global-color-5)","background-image":"","background-repeat":"repeat","background-position":"center center","background-size":"auto","background-attachment":"scroll","background-type":"","background-media":"","overlay-type":"","overlay-color":"","overlay-opacity":"","overlay-gradient":""},"tablet":{"background-color":"var(--ast-global-color-5)","background-image":"","background-repeat":"repeat","background-position":"center center","background-size":"auto","background-attachment":"scroll","background-type":"","background-media":"","overlay-type":"","overlay-color":"","overlay-opacity":"","overlay-gradient":""},"mobile":{"background-color":"var(--ast-global-color-5)","background-image":"","background-repeat":"repeat","background-position":"center center","background-size":"auto","background-attachment":"scroll","background-type":"","background-media":"","overlay-type":"","overlay-color":"","overlay-opacity":"","overlay-gradient":""}},"footnotes":""},"class_list":["post-9","page","type-page","status-publish","hentry"],"aioseo_notices":[],"_links":{"self":[{"href":"https:\/\/etiopathe-ermont95-magnylehongre77.com\/index.php\/wp-json\/wp\/v2\/pages\/9","targetHints":{"allow":["GET"]}}],"collection":[{"href":"https:\/\/etiopathe-ermont95-magnylehongre77.com\/index.php\/wp-json\/wp\/v2\/pages"}],"about":[{"href":"https:\/\/etiopathe-ermont95-magnylehongre77.com\/index.php\/wp-json\/wp\/v2\/types\/page"}],"author":[{"embeddable":true,"href":"https:\/\/etiopathe-ermont95-magnylehongre77.com\/index.php\/wp-json\/wp\/v2\/users\/1"}],"replies":[{"embeddable":true,"href":"https:\/\/etiopathe-ermont95-magnylehongre77.com\/index.php\/wp-json\/wp\/v2\/comments?post=9"}],"version-history":[{"count":105,"href":"https:\/\/etiopathe-ermont95-magnylehongre77.com\/index.php\/wp-json\/wp\/v2\/pages\/9\/revisions"}],"predecessor-version":[{"id":370,"href":"https:\/\/etiopathe-ermont95-magnylehongre77.com\/index.php\/wp-json\/wp\/v2\/pages\/9\/revisions\/370"}],"wp:attachment":[{"href":"https:\/\/etiopathe-ermont95-magnylehongre77.com\/index.php\/wp-json\/wp\/v2\/media?parent=9"}],"curies":[{"name":"wp","href":"https:\/\/api.w.org\/{rel}","templated":true}]}}